{"id":2309,"date":"2020-01-13T11:17:52","date_gmt":"2020-01-13T11:17:52","guid":{"rendered":"https:\/\/demosites.io\/marketing-agency-2-gb\/?page_id=5"},"modified":"2026-04-20T06:19:49","modified_gmt":"2026-04-20T02:19:49","slug":"inicio","status":"publish","type":"page","link":"https:\/\/clofovoz.com\/en\/","title":{"rendered":"INICIO"},"content":{"rendered":"<div data-elementor-type=\"wp-page\" data-elementor-id=\"2309\" class=\"elementor elementor-2309\">\n\t\t\t\t<div class=\"elementor-element elementor-element-12d7f010 e-flex e-con-boxed e-con e-parent\" data-id=\"12d7f010\" data-element_type=\"container\" data-e-type=\"container\" data-settings=\"{&quot;background_background&quot;:&quot;classic&quot;}\">\n\t\t\t\t\t<div class=\"e-con-inner\">\n\t\t<div class=\"elementor-element elementor-element-1444977 e-con-full e-flex e-con e-child\" data-id=\"1444977\" data-element_type=\"container\" data-e-type=\"container\">\n\t\t<div class=\"elementor-element elementor-element-f168d9a e-grid e-con-full e-con e-child\" data-id=\"f168d9a\" data-element_type=\"container\" data-e-type=\"container\">\n\t\t<div class=\"elementor-element elementor-element-958230f e-con-full e-flex e-con e-child\" data-id=\"958230f\" data-element_type=\"container\" data-e-type=\"container\">\n\t\t\t\t<div class=\"elementor-element elementor-element-e2ff592 elementor-widget elementor-widget-heading\" data-id=\"e2ff592\" data-element_type=\"widget\" data-e-type=\"widget\" data-widget_type=\"heading.default\">\n\t\t\t\t\t<h1 class=\"elementor-heading-title elementor-size-default\">\"Cuidamos tu voz, potenciamos tu comunicaci\u00f3n\"<\/h1>\t\t\t\t<\/div>\n\t\t\t\t<div class=\"elementor-element elementor-element-bb903af elementor-widget elementor-widget-heading\" data-id=\"bb903af\" data-element_type=\"widget\" data-e-type=\"widget\" data-widget_type=\"heading.default\">\n\t\t\t\t\t<span class=\"elementor-heading-title elementor-size-default\">En CLOFOVOZ.com somos especialistas en voz, audici\u00f3n, lenguaje y comunicaci\u00f3n humana. Nuestro objetivo es cuidar tu salud vocal y auditiva, mejorar la comunicaci\u00f3n y ofrecer recursos de vanguardia en prevenci\u00f3n, diagn\u00f3stico y rehabilitaci\u00f3n.\nAqu\u00ed encontrar\u00e1s contenidos cient\u00edficos y pr\u00e1cticos adaptados para pacientes, profesionales y estudiantes de la salud y la comunicaci\u00f3n.\n\n<\/span>\t\t\t\t<\/div>\n\t\t<div class=\"elementor-element elementor-element-4054b07 e-con-full e-flex e-con e-child\" data-id=\"4054b07\" data-element_type=\"container\" data-e-type=\"container\">\n\t\t\t\t<div class=\"elementor-element elementor-element-12f58f1 elementor-align-left elementor-widget__width-auto elementor-mobile-align-justify elementor-widget-mobile__width-inherit elementor-widget elementor-widget-button\" data-id=\"12f58f1\" data-element_type=\"widget\" data-e-type=\"widget\" data-widget_type=\"button.default\">\n\t\t\t\t\t\t\t\t\t\t<a class=\"elementor-button elementor-button-link elementor-size-lg\" href=\"https:\/\/clofovoz.com\/en\/contacto\/\">\n\t\t\t\t\t\t<span class=\"elementor-button-content-wrapper\">\n\t\t\t\t\t\t\t\t\t<span class=\"elementor-button-text\">Empezar<\/span>\n\t\t\t\t\t<\/span>\n\t\t\t\t\t<\/a>\n\t\t\t\t\t\t\t\t<\/div>\n\t\t\t\t<div class=\"elementor-element elementor-element-335e643 elementor-align-left elementor-widget__width-auto elementor-mobile-align-justify elementor-widget-mobile__width-inherit elementor-widget elementor-widget-button\" data-id=\"335e643\" data-element_type=\"widget\" data-e-type=\"widget\" data-widget_type=\"button.default\">\n\t\t\t\t\t\t\t\t\t\t<a class=\"elementor-button elementor-button-link elementor-size-lg\" href=\"https:\/\/clofovoz.com\/en\/contacto\/\">\n\t\t\t\t\t\t<span class=\"elementor-button-content-wrapper\">\n\t\t\t\t\t\t\t\t\t<span class=\"elementor-button-text\">Contr\u00e1tanos<\/span>\n\t\t\t\t\t<\/span>\n\t\t\t\t\t<\/a>\n\t\t\t\t\t\t\t\t<\/div>\n\t\t\t\t<\/div>\n\t\t\t\t<\/div>\n\t\t\t\t<div class=\"elementor-element elementor-element-dd5f57d elementor-widget elementor-widget-image\" data-id=\"dd5f57d\" data-element_type=\"widget\" data-e-type=\"widget\" data-widget_type=\"image.default\">\n\t\t\t\t\t\t\t\t\t\t\t\t\t\t\t<img fetchpriority=\"high\" decoding=\"async\" width=\"680\" height=\"972\" src=\"https:\/\/clofovoz.com\/wp-content\/uploads\/2024\/05\/person-hero-1.png\" class=\"attachment-large size-large wp-image-473\" alt=\"\" srcset=\"https:\/\/clofovoz.com\/wp-content\/uploads\/2024\/05\/person-hero-1.png 680w, https:\/\/clofovoz.com\/wp-content\/uploads\/2024\/05\/person-hero-1-600x858.png 600w, https:\/\/clofovoz.com\/wp-content\/uploads\/2024\/05\/person-hero-1-210x300.png 210w\" sizes=\"(max-width: 680px) 100vw, 680px\" \/>\t\t\t\t\t\t\t\t\t\t\t\t\t\t\t<\/div>\n\t\t\t\t<\/div>\n\t\t\t\t<\/div>\n\t\t\t\t\t<\/div>\n\t\t\t\t<\/div>\n\t\t<div class=\"elementor-element elementor-element-57c67036 e-flex e-con-boxed e-con e-parent\" data-id=\"57c67036\" data-element_type=\"container\" data-e-type=\"container\" data-settings=\"{&quot;background_background&quot;:&quot;classic&quot;}\">\n\t\t\t\t\t<div class=\"e-con-inner\">\n\t\t<div class=\"elementor-element elementor-element-7741ee61 e-flex e-con-boxed e-con e-child\" data-id=\"7741ee61\" data-element_type=\"container\" data-e-type=\"container\">\n\t\t\t\t\t<div class=\"e-con-inner\">\n\t\t\t\t<div class=\"elementor-element elementor-element-385b3fb0 elementor-widget elementor-widget-heading\" data-id=\"385b3fb0\" data-element_type=\"widget\" data-e-type=\"widget\" data-widget_type=\"heading.default\">\n\t\t\t\t\t<h2 class=\"elementor-heading-title elementor-size-default\">\u201cTu voz merece lo mejor: recuperarla con un diagn\u00f3stico preciso y un tratamiento innovador\u201d<\/h2>\t\t\t\t<\/div>\n\t\t\t\t<div class=\"elementor-element elementor-element-55f66a9e elementor-widget elementor-widget-text-editor\" data-id=\"55f66a9e\" data-element_type=\"widget\" data-e-type=\"widget\" data-widget_type=\"text-editor.default\">\n\t\t\t\t\t\t\t\t\t<p><span style=\"font-weight: 400;\">\u201cEn CLOFOVOZ transformamos la ciencia en resultados reales. Agenda tu consulta y da el primer paso para recuperar la fuerza y claridad de tu voz.\u201d<\/span><\/p>\t\t\t\t\t\t\t\t<\/div>\n\t\t\t\t\t<\/div>\n\t\t\t\t<\/div>\n\t\t<div class=\"elementor-element elementor-element-300f8922 e-grid e-con-full e-con e-child\" data-id=\"300f8922\" data-element_type=\"container\" data-e-type=\"container\">\n\t\t<div class=\"elementor-element elementor-element-77249d8 e-con-full e-flex e-con e-child\" data-id=\"77249d8\" data-element_type=\"container\" data-e-type=\"container\">\n\t\t\t\t<div class=\"elementor-element elementor-element-4f4a29d9 elementor-widget elementor-widget-image\" data-id=\"4f4a29d9\" data-element_type=\"widget\" data-e-type=\"widget\" data-widget_type=\"image.default\">\n\t\t\t\t\t\t\t\t\t\t\t\t\t\t\t\t<a href=\"https:\/\/clofovoz.com\/en\/entrenamiento-clinico-en-liderazgo-vocal\/\">\n\t\t\t\t\t\t\t<img decoding=\"async\" width=\"1024\" height=\"765\" src=\"https:\/\/clofovoz.com\/wp-content\/uploads\/2026\/04\/Confident_leader_speaking_202604191538.jpg\" class=\"attachment-large size-large wp-image-3809\" alt=\"\" \/>\t\t\t\t\t\t\t\t<\/a>\n\t\t\t\t\t\t\t\t\t\t\t\t\t\t\t<\/div>\n\t\t\t\t<div class=\"elementor-element elementor-element-1a56b198 elementor-widget elementor-widget-heading\" data-id=\"1a56b198\" data-element_type=\"widget\" data-e-type=\"widget\" data-widget_type=\"heading.default\">\n\t\t\t\t\t<h3 class=\"elementor-heading-title elementor-size-default\">LIDERAZGO VOCAL (Poder y Estatus)<\/h3>\t\t\t\t<\/div>\n\t\t\t\t<div class=\"elementor-element elementor-element-70b9a76e elementor-widget elementor-widget-text-editor\" data-id=\"70b9a76e\" data-element_type=\"widget\" data-e-type=\"widget\" data-widget_type=\"text-editor.default\">\n\t\t\t\t\t\t\t\t\t<p data-path-to-node=\"12\"><b data-path-to-node=\"12\" data-index-in-node=\"0\">Para Liderazgo (Tono de Autoridad Ejecutiva):<\/b><\/p><blockquote data-path-to-node=\"13\"><p data-path-to-node=\"13,0\"><b data-path-to-node=\"13,0\" data-index-in-node=\"0\">En el mundo corporativo, tu timbre es tu firma.<\/b> \ud83d\udcbc\u2728 Una voz inestable comunica inseguridad. La Ingenier\u00eda del Liderazgo Vocal entrena tu arquitectura ac\u00fastica para proyectar autoridad inmediata y resistencia inagotable. \ud83d\ude80 <b data-path-to-node=\"13,0\" data-index-in-node=\"223\">Auditor\u00eda de Impacto:<\/b> Mide tu presencia ejecutiva con nuestra IA.<\/p><\/blockquote>\t\t\t\t\t\t\t\t<\/div>\n\t\t\t\t<div class=\"elementor-element elementor-element-71801148 elementor-widget elementor-widget-button\" data-id=\"71801148\" data-element_type=\"widget\" data-e-type=\"widget\" data-widget_type=\"button.default\">\n\t\t\t\t\t\t\t\t\t\t<a class=\"elementor-button elementor-button-link elementor-size-sm\" href=\"https:\/\/clofovoz.com\/en\/estrategia-de-marketing-vocal-como-potenciar-tu-voz-para-vender-conectar-y-liderar\/\">\n\t\t\t\t\t\t<span class=\"elementor-button-content-wrapper\">\n\t\t\t\t\t\t\t\t\t<span class=\"elementor-button-text\">M\u00e1s informaci\u00f3n<\/span>\n\t\t\t\t\t<\/span>\n\t\t\t\t\t<\/a>\n\t\t\t\t\t\t\t\t<\/div>\n\t\t\t\t<\/div>\n\t\t<div class=\"elementor-element elementor-element-39ae7c5c e-con-full e-flex e-con e-child\" data-id=\"39ae7c5c\" data-element_type=\"container\" data-e-type=\"container\">\n\t\t\t\t<div class=\"elementor-element elementor-element-4b48923e elementor-widget elementor-widget-image\" data-id=\"4b48923e\" data-element_type=\"widget\" data-e-type=\"widget\" data-widget_type=\"image.default\">\n\t\t\t\t\t\t\t\t\t\t\t\t\t\t\t\t<a href=\"https:\/\/clofovoz.com\/en\/clofovoz-com-rvn-metodo\/\">\n\t\t\t\t\t\t\t<img decoding=\"async\" width=\"1024\" height=\"765\" src=\"https:\/\/clofovoz.com\/wp-content\/uploads\/2026\/04\/Double_exposure_of_202604191546.jpg\" class=\"attachment-large size-large wp-image-3813\" alt=\"\" \/>\t\t\t\t\t\t\t\t<\/a>\n\t\t\t\t\t\t\t\t\t\t\t\t\t\t\t<\/div>\n\t\t\t\t<div class=\"elementor-element elementor-element-2d193939 elementor-widget elementor-widget-heading\" data-id=\"2d193939\" data-element_type=\"widget\" data-e-type=\"widget\" data-widget_type=\"heading.default\">\n\t\t\t\t\t<h3 class=\"elementor-heading-title elementor-size-default\">M\u00c9TODO RVN (Salud y Neurociencia)<\/h3>\t\t\t\t<\/div>\n\t\t\t\t<div class=\"elementor-element elementor-element-641f47a5 elementor-widget elementor-widget-text-editor\" data-id=\"641f47a5\" data-element_type=\"widget\" data-e-type=\"widget\" data-widget_type=\"text-editor.default\">\n\t\t\t\t\t\t\t\t\t<p><b data-path-to-node=\"11,0\" data-index-in-node=\"0\">\u00bfSientes que tu voz se agota antes que tu jornada?<\/b> \ud83c\udf99\ufe0f\ud83e\udde0 No es solo cansancio, es un desajuste en la programaci\u00f3n neuromotora. El M\u00e9todo RVN utiliza bioinform\u00e1tica para recalibrar tu sistema vocal desde el centro de mando cerebral. \ud83d\udd2c <b data-path-to-node=\"11,0\" data-index-in-node=\"235\">Ciencia Vocal Avanzada:<\/b> De la patolog\u00eda a la funcionalidad total.<\/p>\t\t\t\t\t\t\t\t<\/div>\n\t\t\t\t<div class=\"elementor-element elementor-element-5184f034 elementor-widget elementor-widget-button\" data-id=\"5184f034\" data-element_type=\"widget\" data-e-type=\"widget\" data-widget_type=\"button.default\">\n\t\t\t\t\t\t\t\t\t\t<a class=\"elementor-button elementor-button-link elementor-size-sm\" href=\"https:\/\/clofovoz.com\/en\/clofovoz-com-rvn-metodo\/\">\n\t\t\t\t\t\t<span class=\"elementor-button-content-wrapper\">\n\t\t\t\t\t\t\t\t\t<span class=\"elementor-button-text\">M\u00e1s informaci\u00f3n<\/span>\n\t\t\t\t\t<\/span>\n\t\t\t\t\t<\/a>\n\t\t\t\t\t\t\t\t<\/div>\n\t\t\t\t<\/div>\n\t\t\t\t<\/div>\n\t\t\t\t\t<\/div>\n\t\t\t\t<\/div>\n\t\t<div class=\"elementor-element elementor-element-6c6f8c32 e-flex e-con-boxed e-con e-parent\" data-id=\"6c6f8c32\" data-element_type=\"container\" data-e-type=\"container\" data-settings=\"{&quot;background_background&quot;:&quot;classic&quot;}\">\n\t\t\t\t\t<div class=\"e-con-inner\">\n\t\t<div class=\"elementor-element elementor-element-4481c520 e-grid e-con-full e-con e-child\" data-id=\"4481c520\" data-element_type=\"container\" data-e-type=\"container\">\n\t\t<div class=\"elementor-element elementor-element-2e121726 e-con-full e-flex e-con e-child\" data-id=\"2e121726\" data-element_type=\"container\" data-e-type=\"container\">\n\t\t\t\t<div class=\"elementor-element elementor-element-e77b923 elementor-widget elementor-widget-image\" data-id=\"e77b923\" data-element_type=\"widget\" data-e-type=\"widget\" data-widget_type=\"image.default\">\n\t\t\t\t\t\t\t\t\t\t\t\t\t\t\t<img loading=\"lazy\" decoding=\"async\" width=\"80\" height=\"80\" src=\"https:\/\/clofovoz.com\/wp-content\/uploads\/2024\/05\/neve-marketing-agency-04.png\" class=\"attachment-large size-large wp-image-697\" alt=\"\" \/>\t\t\t\t\t\t\t\t\t\t\t\t\t\t\t<\/div>\n\t\t\t\t<div class=\"elementor-element elementor-element-d844e56 elementor-widget elementor-widget-text-editor\" data-id=\"d844e56\" data-element_type=\"widget\" data-e-type=\"widget\" data-widget_type=\"text-editor.default\">\n\t\t\t\t\t\t\t\t\t<p><span style=\"font-weight: 400;\">\u201cLlegu\u00e9 con una ronquera que me imped\u00eda cantar en mis conciertos. Gracias a la terapia ultras\u00f3nica y el an\u00e1lisis de mi voz, recuper\u00e9 mi potencia vocal y mi seguridad en el escenario<\/span><\/p>\t\t\t\t\t\t\t\t<\/div>\n\t\t\t\t<div class=\"elementor-element elementor-element-79049668 elementor-widget elementor-widget-heading\" data-id=\"79049668\" data-element_type=\"widget\" data-e-type=\"widget\" data-widget_type=\"heading.default\">\n\t\t\t\t\t<div class=\"elementor-heading-title elementor-size-default\">Janet Morris \u2013 Cantante profesional<\/div>\t\t\t\t<\/div>\n\t\t\t\t<\/div>\n\t\t<div class=\"elementor-element elementor-element-4394cbf1 e-con-full e-flex e-con e-child\" data-id=\"4394cbf1\" data-element_type=\"container\" data-e-type=\"container\">\n\t\t\t\t<div class=\"elementor-element elementor-element-3d4ed8ed elementor-widget elementor-widget-image\" data-id=\"3d4ed8ed\" data-element_type=\"widget\" data-e-type=\"widget\" data-widget_type=\"image.default\">\n\t\t\t\t\t\t\t\t\t\t\t\t\t\t\t<img loading=\"lazy\" decoding=\"async\" width=\"80\" height=\"80\" src=\"https:\/\/clofovoz.com\/wp-content\/uploads\/2024\/05\/neve-marketing-agency-03.png\" class=\"attachment-large size-large wp-image-696\" alt=\"\" \/>\t\t\t\t\t\t\t\t\t\t\t\t\t\t\t<\/div>\n\t\t\t\t<div class=\"elementor-element elementor-element-6aacd323 elementor-widget elementor-widget-text-editor\" data-id=\"6aacd323\" data-element_type=\"widget\" data-e-type=\"widget\" data-widget_type=\"text-editor.default\">\n\t\t\t\t\t\t\t\t\t<p><span style=\"font-weight: 400;\">\u201cMi voz se cansaba despu\u00e9s de dar clases. En CLOFOVOZ encontraron la causa y con el m\u00e9todo del tri\u00e1ngulo de la voz ahora hablo con claridad todo el d\u00eda, sin dolor ni fatiga.\u201d<\/span><\/p>\t\t\t\t\t\t\t\t<\/div>\n\t\t\t\t<div class=\"elementor-element elementor-element-13a18aa2 elementor-widget elementor-widget-heading\" data-id=\"13a18aa2\" data-element_type=\"widget\" data-e-type=\"widget\" data-widget_type=\"heading.default\">\n\t\t\t\t\t<div class=\"elementor-heading-title elementor-size-default\">Willie Brown \u2013 Profesor universitario\n<\/div>\t\t\t\t<\/div>\n\t\t\t\t<\/div>\n\t\t<div class=\"elementor-element elementor-element-3122541 e-con-full e-flex e-con e-child\" data-id=\"3122541\" data-element_type=\"container\" data-e-type=\"container\">\n\t\t\t\t<div class=\"elementor-element elementor-element-63b1a535 elementor-widget elementor-widget-image\" data-id=\"63b1a535\" data-element_type=\"widget\" data-e-type=\"widget\" data-widget_type=\"image.default\">\n\t\t\t\t\t\t\t\t\t\t\t\t\t\t\t<img loading=\"lazy\" decoding=\"async\" width=\"80\" height=\"80\" src=\"https:\/\/clofovoz.com\/wp-content\/uploads\/2024\/05\/neve-marketing-agency-02.png\" class=\"attachment-large size-large wp-image-695\" alt=\"\" \/>\t\t\t\t\t\t\t\t\t\t\t\t\t\t\t<\/div>\n\t\t\t\t<div class=\"elementor-element elementor-element-7892e317 elementor-widget elementor-widget-text-editor\" data-id=\"7892e317\" data-element_type=\"widget\" data-e-type=\"widget\" data-widget_type=\"text-editor.default\">\n\t\t\t\t\t\t\t\t\t<p><span style=\"font-weight: 400;\">\u201cTem\u00eda perder mi carrera por los n\u00f3dulos en las cuerdas vocales. Con la terapia ultras\u00f3nica del Dr. Bracho y su equipo, recuper\u00e9 mi voz y volv\u00ed a transmitir sin limitaciones.\u201d<\/span><\/p>\t\t\t\t\t\t\t\t<\/div>\n\t\t\t\t<div class=\"elementor-element elementor-element-4982a72b elementor-widget elementor-widget-heading\" data-id=\"4982a72b\" data-element_type=\"widget\" data-e-type=\"widget\" data-widget_type=\"heading.default\">\n\t\t\t\t\t<div class=\"elementor-heading-title elementor-size-default\">MARIA STEVENS \u2013 Locutora de radio\n\n\n<\/div>\t\t\t\t<\/div>\n\t\t\t\t<\/div>\n\t\t\t\t<\/div>\n\t\t\t\t\t<\/div>\n\t\t\t\t<\/div>\n\t\t<div class=\"elementor-element elementor-element-538f70a e-flex e-con-boxed e-con e-parent\" data-id=\"538f70a\" data-element_type=\"container\" data-e-type=\"container\" data-settings=\"{&quot;background_background&quot;:&quot;classic&quot;}\">\n\t\t\t\t\t<div class=\"e-con-inner\">\n\t\t<div class=\"elementor-element elementor-element-0b8d18b e-grid e-con-full e-con e-child\" data-id=\"0b8d18b\" data-element_type=\"container\" data-e-type=\"container\">\n\t\t<div class=\"elementor-element elementor-element-cca0944 e-con-full e-flex e-con e-child\" data-id=\"cca0944\" data-element_type=\"container\" data-e-type=\"container\" data-settings=\"{&quot;background_background&quot;:&quot;slideshow&quot;,&quot;background_slideshow_gallery&quot;:[],&quot;background_slideshow_loop&quot;:&quot;yes&quot;,&quot;background_slideshow_slide_duration&quot;:5000,&quot;background_slideshow_slide_transition&quot;:&quot;fade&quot;,&quot;background_slideshow_transition_duration&quot;:500}\">\n\t\t\t\t<div class=\"elementor-element elementor-element-fe59987 elementor-widget elementor-widget-image\" data-id=\"fe59987\" data-element_type=\"widget\" data-e-type=\"widget\" data-widget_type=\"image.default\">\n\t\t\t\t\t\t\t\t\t\t\t\t\t\t\t<img loading=\"lazy\" decoding=\"async\" width=\"573\" height=\"1024\" src=\"https:\/\/clofovoz.com\/wp-content\/uploads\/2025\/10\/reel01-573x1024.jpg\" class=\"attachment-large size-large wp-image-3131\" alt=\"\" srcset=\"https:\/\/clofovoz.com\/wp-content\/uploads\/2025\/10\/reel01-573x1024.jpg 573w, https:\/\/clofovoz.com\/wp-content\/uploads\/2025\/10\/reel01-600x1071.jpg 600w, https:\/\/clofovoz.com\/wp-content\/uploads\/2025\/10\/reel01-168x300.jpg 168w, https:\/\/clofovoz.com\/wp-content\/uploads\/2025\/10\/reel01-768x1371.jpg 768w, https:\/\/clofovoz.com\/wp-content\/uploads\/2025\/10\/reel01-860x1536.jpg 860w, https:\/\/clofovoz.com\/wp-content\/uploads\/2025\/10\/reel01-7x12.jpg 7w, https:\/\/clofovoz.com\/wp-content\/uploads\/2025\/10\/reel01.jpg 896w\" sizes=\"(max-width: 573px) 100vw, 573px\" \/>\t\t\t\t\t\t\t\t\t\t\t\t\t\t\t<\/div>\n\t\t\t\t<\/div>\n\t\t<div class=\"elementor-element elementor-element-5341cdc e-con-full e-flex e-con e-child\" data-id=\"5341cdc\" data-element_type=\"container\" data-e-type=\"container\">\n\t\t\t\t<div class=\"elementor-element elementor-element-d9f933d elementor-widget elementor-widget-heading\" data-id=\"d9f933d\" data-element_type=\"widget\" data-e-type=\"widget\" data-widget_type=\"heading.default\">\n\t\t\t\t\t<h2 class=\"elementor-heading-title elementor-size-default\">PLAN DE SUSCRIPCI\u00d3N \u2013 ESQUEMA DE MICROPAGO EN REHABILITACI\u00d3N FONI\u00c1TRICA<\/h2>\t\t\t\t<\/div>\n\t\t\t\t<div class=\"elementor-element elementor-element-a43f5f0 elementor-widget elementor-widget-text-editor\" data-id=\"a43f5f0\" data-element_type=\"widget\" data-e-type=\"widget\" data-widget_type=\"text-editor.default\">\n\t\t\t\t\t\t\t\t\t<p>Rehabilitaci\u00f3n personalizada con\u00a0<strong data-start=\"411\" data-end=\"468\">Terapia Ultras\u00f3nica + Ejercicios de Voz y Respiraci\u00f3n<\/strong>, dirigida a las tres patolog\u00edas vocales m\u00e1s frecuentes.<br data-start=\"524\" data-end=\"527\" \/>El paciente inicia inmediatamente su tratamiento, sin intereses, sin penalizaciones y con garant\u00eda de resultados sustentados en\u00a0<strong data-start=\"655\" data-end=\"679\">la confianza y la fe<\/strong>.<\/p>\t\t\t\t\t\t\t\t<\/div>\n\t\t\t\t<div class=\"elementor-element elementor-element-10dcbed elementor-widget elementor-widget-button\" data-id=\"10dcbed\" data-element_type=\"widget\" data-e-type=\"widget\" data-widget_type=\"button.default\">\n\t\t\t\t\t\t\t\t\t\t<a class=\"elementor-button elementor-button-link elementor-size-sm\" href=\"https:\/\/clofovoz.com\/en\/%f0%9f%92%a0-plan-de-suscripcion-esquema-de-micropago-en-rehabilitacion-foniatrica\/\">\n\t\t\t\t\t\t<span class=\"elementor-button-content-wrapper\">\n\t\t\t\t\t\t\t\t\t<span class=\"elementor-button-text\">M\u00e1s informaci\u00f3n<\/span>\n\t\t\t\t\t<\/span>\n\t\t\t\t\t<\/a>\n\t\t\t\t\t\t\t\t<\/div>\n\t\t\t\t<\/div>\n\t\t\t\t<\/div>\n\t\t<div class=\"elementor-element elementor-element-e8150d3 e-grid e-con-full e-con e-child\" data-id=\"e8150d3\" data-element_type=\"container\" data-e-type=\"container\">\n\t\t<div class=\"elementor-element elementor-element-4c9fe8d e-con-full e-flex e-con e-child\" data-id=\"4c9fe8d\" data-element_type=\"container\" data-e-type=\"container\">\n\t\t\t\t<div class=\"elementor-element elementor-element-3cd69de elementor-widget elementor-widget-heading\" data-id=\"3cd69de\" data-element_type=\"widget\" data-e-type=\"widget\" data-widget_type=\"heading.default\">\n\t\t\t\t\t<h2 class=\"elementor-heading-title elementor-size-default\">Micropago M\u00e9dico: la nueva v\u00eda para acceder a la Cirug\u00eda Funcional Nasal en Venezuela<\/h2>\t\t\t\t<\/div>\n\t\t\t\t<div class=\"elementor-element elementor-element-6c90043 elementor-widget elementor-widget-text-editor\" data-id=\"6c90043\" data-element_type=\"widget\" data-e-type=\"widget\" data-widget_type=\"text-editor.default\">\n\t\t\t\t\t\t\t\t\t<h3 data-start=\"1054\" data-end=\"1098\"><img decoding=\"async\" class=\"emoji\" role=\"img\" draggable=\"false\" src=\"https:\/\/s.w.org\/images\/core\/emoji\/16.0.1\/svg\/1f539.svg\" alt=\"\ud83d\udd39\" \/>\u00a0La salud respiratoria no debe esperar<\/h3><p data-start=\"1100\" data-end=\"1472\">En un contexto econ\u00f3mico cambiante, muchas personas postergan intervenciones necesarias como la\u00a0<strong data-start=\"1196\" data-end=\"1223\">cirug\u00eda funcional nasal<\/strong>, aun cuando su calidad de vida se ve afectada.<br data-start=\"1270\" data-end=\"1273\" \/>Pensando en esa realidad,\u00a0<strong data-start=\"1299\" data-end=\"1311\">CLOFOVOZ<\/strong>\u00a0presenta un modelo financiero pionero en el sector m\u00e9dico venezolano: el\u00a0<strong data-start=\"1385\" data-end=\"1417\">Plan de Micropago Quir\u00fargico<\/strong>, una alternativa accesible, transparente y humanizada.<\/p>\t\t\t\t\t\t\t\t<\/div>\n\t\t\t\t<div class=\"elementor-element elementor-element-2689eae elementor-widget elementor-widget-button\" data-id=\"2689eae\" data-element_type=\"widget\" data-e-type=\"widget\" data-widget_type=\"button.default\">\n\t\t\t\t\t\t\t\t\t\t<a class=\"elementor-button elementor-button-link elementor-size-sm\" href=\"https:\/\/clofovoz.com\/en\/micropago-medico-la-nueva-via-para-acceder-a-la-cirugia-funcional-nasal-en-venezuela\/\">\n\t\t\t\t\t\t<span class=\"elementor-button-content-wrapper\">\n\t\t\t\t\t\t\t\t\t<span class=\"elementor-button-text\">M\u00e1s informaci\u00f3n<\/span>\n\t\t\t\t\t<\/span>\n\t\t\t\t\t<\/a>\n\t\t\t\t\t\t\t\t<\/div>\n\t\t\t\t<\/div>\n\t\t<div class=\"elementor-element elementor-element-a107b58 e-con-full e-flex e-con e-child\" data-id=\"a107b58\" data-element_type=\"container\" data-e-type=\"container\">\n\t\t\t\t<div class=\"elementor-element elementor-element-861bf99 elementor-widget elementor-widget-image\" data-id=\"861bf99\" data-element_type=\"widget\" data-e-type=\"widget\" data-widget_type=\"image.default\">\n\t\t\t\t\t\t\t\t\t\t\t\t\t\t\t<img loading=\"lazy\" decoding=\"async\" width=\"559\" height=\"1024\" src=\"https:\/\/clofovoz.com\/wp-content\/uploads\/2025\/10\/Image_fx-14-1-559x1024.jpg\" class=\"attachment-large size-large wp-image-3186\" alt=\"\" srcset=\"https:\/\/clofovoz.com\/wp-content\/uploads\/2025\/10\/Image_fx-14-1-559x1024.jpg 559w, https:\/\/clofovoz.com\/wp-content\/uploads\/2025\/10\/Image_fx-14-1-600x1100.jpg 600w, https:\/\/clofovoz.com\/wp-content\/uploads\/2025\/10\/Image_fx-14-1-164x300.jpg 164w, https:\/\/clofovoz.com\/wp-content\/uploads\/2025\/10\/Image_fx-14-1-7x12.jpg 7w, https:\/\/clofovoz.com\/wp-content\/uploads\/2025\/10\/Image_fx-14-1.jpg 768w\" sizes=\"(max-width: 559px) 100vw, 559px\" \/>\t\t\t\t\t\t\t\t\t\t\t\t\t\t\t<\/div>\n\t\t\t\t<\/div>\n\t\t\t\t<\/div>\n\t\t\t\t\t<\/div>\n\t\t\t\t<\/div>\n\t\t\t\t<\/div>","protected":false},"excerpt":{"rendered":"<p>\u00abCuidamos tu voz, potenciamos tu comunicaci\u00f3n\u00bb En CLOFOVOZ.com somos especialistas en voz, audici\u00f3n, lenguaje y comunicaci\u00f3n humana. Nuestro objetivo es cuidar tu salud vocal y auditiva, mejorar la comunicaci\u00f3n y ofrecer recursos de vanguardia en prevenci\u00f3n, diagn\u00f3stico y rehabilitaci\u00f3n. Aqu\u00ed encontrar\u00e1s contenidos cient\u00edficos y pr\u00e1cticos adaptados para pacientes, profesionales y estudiantes de la salud y&hellip;&nbsp;<\/p>\n<div class=\"read-more-wrapper\"><a href=\"https:\/\/clofovoz.com\/en\/\" class=\"button button-primary\" rel=\"bookmark\">Read More<span class=\"screen-reader-text\">INICIO<\/span><\/a><\/div>","protected":false},"author":1,"featured_media":1465,"parent":0,"menu_order":0,"comment_status":"closed","ping_status":"closed","template":"page-templates\/template-pagebuilder-full-width.php","meta":{"neve_meta_sidebar":"default","neve_meta_container":"default","neve_meta_enable_content_width":"on","neve_meta_content_width":100,"neve_meta_title_alignment":"","neve_meta_author_avatar":"","neve_post_elements_order":"","neve_meta_disable_header":"","neve_meta_disable_footer":"","neve_meta_disable_title":"on","neve_meta_reading_time":"","footnotes":""},"class_list":["post-2309","page","type-page","status-publish","has-post-thumbnail","hentry"],"_links":{"self":[{"href":"https:\/\/clofovoz.com\/en\/wp-json\/wp\/v2\/pages\/2309","targetHints":{"allow":["GET"]}}],"collection":[{"href":"https:\/\/clofovoz.com\/en\/wp-json\/wp\/v2\/pages"}],"about":[{"href":"https:\/\/clofovoz.com\/en\/wp-json\/wp\/v2\/types\/page"}],"author":[{"embeddable":true,"href":"https:\/\/clofovoz.com\/en\/wp-json\/wp\/v2\/users\/1"}],"replies":[{"embeddable":true,"href":"https:\/\/clofovoz.com\/en\/wp-json\/wp\/v2\/comments?post=2309"}],"version-history":[{"count":85,"href":"https:\/\/clofovoz.com\/en\/wp-json\/wp\/v2\/pages\/2309\/revisions"}],"predecessor-version":[{"id":3840,"href":"https:\/\/clofovoz.com\/en\/wp-json\/wp\/v2\/pages\/2309\/revisions\/3840"}],"wp:featuredmedia":[{"embeddable":true,"href":"https:\/\/clofovoz.com\/en\/wp-json\/wp\/v2\/media\/1465"}],"wp:attachment":[{"href":"https:\/\/clofovoz.com\/en\/wp-json\/wp\/v2\/media?parent=2309"}],"curies":[{"name":"wp","href":"https:\/\/api.w.org\/{rel}","templated":true}]}}