{"id":61,"date":"2020-01-23T18:21:52","date_gmt":"2020-01-23T18:21:52","guid":{"rendered":"https:\/\/demosites.io\/marketing-agency-2-gb\/?page_id=61"},"modified":"2025-12-14T15:12:58","modified_gmt":"2025-12-14T11:12:58","slug":"acerca-de","status":"publish","type":"page","link":"https:\/\/clofovoz.com\/en\/acerca-de\/","title":{"rendered":"Acerca De"},"content":{"rendered":"<div data-elementor-type=\"wp-page\" data-elementor-id=\"61\" class=\"elementor elementor-61\">\n\t\t\t\t<div class=\"elementor-element elementor-element-3dd6bd2 e-flex e-con-boxed e-con e-parent\" data-id=\"3dd6bd2\" data-element_type=\"container\" data-e-type=\"container\">\n\t\t\t\t\t<div class=\"e-con-inner\">\n\t\t<div class=\"elementor-element elementor-element-d6c2913 e-grid e-con-full e-con e-child\" data-id=\"d6c2913\" data-element_type=\"container\" data-e-type=\"container\">\n\t\t<div class=\"elementor-element elementor-element-5a4796d e-con-full e-flex e-con e-child\" data-id=\"5a4796d\" data-element_type=\"container\" data-e-type=\"container\">\n\t\t\t\t<div class=\"elementor-element elementor-element-28f0efb elementor-widget elementor-widget-heading\" data-id=\"28f0efb\" data-element_type=\"widget\" data-e-type=\"widget\" data-widget_type=\"heading.default\">\n\t\t\t\t\t<h1 class=\"elementor-heading-title elementor-size-default\">Acerca De<\/h1>\t\t\t\t<\/div>\n\t\t\t\t<\/div>\n\t\t\t\t<div class=\"elementor-element elementor-element-ab4e72d elementor-widget elementor-widget-video\" data-id=\"ab4e72d\" data-element_type=\"widget\" data-e-type=\"widget\" data-settings=\"{&quot;youtube_url&quot;:&quot;https:\\\/\\\/www.youtube.com\\\/watch?v=YzNLVkv23Qw&quot;,&quot;video_type&quot;:&quot;youtube&quot;,&quot;controls&quot;:&quot;yes&quot;}\" data-widget_type=\"video.default\">\n\t\t\t\t\t\t\t<div class=\"elementor-wrapper elementor-open-inline\">\n\t\t\t<div class=\"elementor-video\"><\/div>\t\t<\/div>\n\t\t\t\t\t\t<\/div>\n\t\t\t\t<\/div>\n\t\t\t\t\t<\/div>\n\t\t\t\t<\/div>\n\t\t<div class=\"elementor-element elementor-element-4bd39a1 e-flex e-con-boxed e-con e-parent\" data-id=\"4bd39a1\" data-element_type=\"container\" data-e-type=\"container\" data-settings=\"{&quot;background_background&quot;:&quot;classic&quot;}\">\n\t\t\t\t\t<div class=\"e-con-inner\">\n\t\t<div class=\"elementor-element elementor-element-45c6731 e-grid e-con-full e-con e-child\" data-id=\"45c6731\" data-element_type=\"container\" data-e-type=\"container\">\n\t\t<div class=\"elementor-element elementor-element-a56be95 e-con-full e-flex e-con e-child\" data-id=\"a56be95\" data-element_type=\"container\" data-e-type=\"container\">\n\t\t\t\t<div class=\"elementor-element elementor-element-d82332c elementor-widget elementor-widget-image\" data-id=\"d82332c\" data-element_type=\"widget\" data-e-type=\"widget\" data-widget_type=\"image.default\">\n\t\t\t\t\t\t\t\t\t\t\t\t\t\t\t<img fetchpriority=\"high\" decoding=\"async\" width=\"600\" height=\"601\" src=\"https:\/\/clofovoz.com\/wp-content\/uploads\/2024\/06\/online-course-30-1.webp\" class=\"attachment-large size-large wp-image-1170\" alt=\"\" srcset=\"https:\/\/clofovoz.com\/wp-content\/uploads\/2024\/06\/online-course-30-1.webp 600w, https:\/\/clofovoz.com\/wp-content\/uploads\/2024\/06\/online-course-30-1-300x300.webp 300w, https:\/\/clofovoz.com\/wp-content\/uploads\/2024\/06\/online-course-30-1-100x100.webp 100w, https:\/\/clofovoz.com\/wp-content\/uploads\/2024\/06\/online-course-30-1-150x150.webp 150w\" sizes=\"(max-width: 600px) 100vw, 600px\" \/>\t\t\t\t\t\t\t\t\t\t\t\t\t\t\t<\/div>\n\t\t\t\t<\/div>\n\t\t<div class=\"elementor-element elementor-element-78dc130 e-con-full e-flex e-con e-child\" data-id=\"78dc130\" data-element_type=\"container\" data-e-type=\"container\">\n\t\t\t\t<div class=\"elementor-element elementor-element-8b95f87 elementor-widget elementor-widget-text-editor\" data-id=\"8b95f87\" data-element_type=\"widget\" data-e-type=\"widget\" data-widget_type=\"text-editor.default\">\n\t\t\t\t\t\t\t\t\t<p style=\"text-align: center;\">\u201cCLOFOVOZ es la plataforma especializada en voz, audici\u00f3n, habla y comunicaci\u00f3n humana. Encuentra gu\u00edas cl\u00ednicas, consejos de higiene vocal, t\u00e9cnicas profesionales, innovaci\u00f3n en comunicaci\u00f3n y recursos para artistas, educadores y profesionales de la salud. Contenido claro, pr\u00e1ctico y basado en evidencia para mejorar tu voz y tu rendimiento comunicativo.\u201d<\/p>\t\t\t\t\t\t\t\t<\/div>\n\t\t\t\t<\/div>\n\t\t\t\t<\/div>\n\t\t\t\t\t<\/div>\n\t\t\t\t<\/div>\n\t\t<div class=\"elementor-element elementor-element-0e613af e-flex e-con-boxed e-con e-parent\" data-id=\"0e613af\" data-element_type=\"container\" data-e-type=\"container\" data-settings=\"{&quot;background_background&quot;:&quot;classic&quot;}\">\n\t\t\t\t\t<div class=\"e-con-inner\">\n\t\t<div class=\"elementor-element elementor-element-e0aca02 e-grid e-con-full e-con e-child\" data-id=\"e0aca02\" data-element_type=\"container\" data-e-type=\"container\">\n\t\t<div class=\"elementor-element elementor-element-bea727d e-con-full e-flex e-con e-child\" data-id=\"bea727d\" data-element_type=\"container\" data-e-type=\"container\">\n\t\t\t\t<div class=\"elementor-element elementor-element-2e97be6 elementor-widget elementor-widget-heading\" data-id=\"2e97be6\" data-element_type=\"widget\" data-e-type=\"widget\" data-widget_type=\"heading.default\">\n\t\t\t\t\t<h2 class=\"elementor-heading-title elementor-size-default\">\u00bfPor qu\u00e9 elegirnos?\n<\/h2>\t\t\t\t<\/div>\n\t\t\t\t<div class=\"elementor-element elementor-element-3301eef elementor-widget elementor-widget-text-editor\" data-id=\"3301eef\" data-element_type=\"widget\" data-e-type=\"widget\" data-widget_type=\"text-editor.default\">\n\t\t\t\t\t\t\t\t\t<ul><li><span style=\"font-weight: 400;\">Enfoque \u00fanico: aplicamos el exclusivo M\u00e9todo del Tri\u00e1ngulo de la Voz, que eval\u00faa de forma integral o\u00eddo, nariz y cuerdas vocales.<\/span><\/li><li><span style=\"font-weight: 400;\">Tecnolog\u00eda avanzada: contamos con terapia ultras\u00f3nica, an\u00e1lisis ac\u00fastico digital, rinomanometr\u00eda y estudios audiol\u00f3gicos de alta precisi\u00f3n.<\/span><\/li><li><i><span style=\"font-weight: 400;\">Atenci\u00f3n especializada: equipo m\u00e9dico liderado por un experto en foniatr\u00eda y otorrinolaringolog\u00eda.<\/span><\/i><\/li><li><i><span style=\"font-weight: 400;\">Resultados comprobados: cientos de pacientes han recuperado su voz, su confianza y su calidad de vida.<\/span><\/i><\/li><\/ul><p>\u00a0<\/p>\t\t\t\t\t\t\t\t<\/div>\n\t\t\t\t<div class=\"elementor-element elementor-element-01b3236 elementor-mobile-align-justify elementor-align-left elementor-widget elementor-widget-button\" data-id=\"01b3236\" data-element_type=\"widget\" data-e-type=\"widget\" data-widget_type=\"button.default\">\n\t\t\t\t\t\t\t\t\t\t<a class=\"elementor-button elementor-button-link elementor-size-md\" href=\"https:\/\/clofovoz.com\/en\/contacto\/\">\n\t\t\t\t\t\t<span class=\"elementor-button-content-wrapper\">\n\t\t\t\t\t\t\t\t\t<span class=\"elementor-button-text\">RESERVAR UNA llamada<\/span>\n\t\t\t\t\t<\/span>\n\t\t\t\t\t<\/a>\n\t\t\t\t\t\t\t\t<\/div>\n\t\t\t\t<\/div>\n\t\t<div class=\"elementor-element elementor-element-7432013 e-con-full e-flex e-con e-child\" data-id=\"7432013\" data-element_type=\"container\" data-e-type=\"container\">\n\t\t\t\t<div class=\"elementor-element elementor-element-245a9b6 elementor-widget elementor-widget-image\" data-id=\"245a9b6\" data-element_type=\"widget\" data-e-type=\"widget\" data-widget_type=\"image.default\">\n\t\t\t\t\t\t\t\t\t\t\t\t\t\t\t<img decoding=\"async\" width=\"930\" height=\"620\" src=\"https:\/\/clofovoz.com\/wp-content\/uploads\/2025\/08\/Rodeate-de-talento-y-abre-puertas-930x620.jpg\" class=\"attachment-neve-blog size-neve-blog wp-image-1389\" alt=\"\" \/>\t\t\t\t\t\t\t\t\t\t\t\t\t\t\t<\/div>\n\t\t\t\t<\/div>\n\t\t\t\t<\/div>\n\t\t\t\t\t<\/div>\n\t\t\t\t<\/div>\n\t\t<div class=\"elementor-element elementor-element-9142cb1 e-flex e-con-boxed e-con e-parent\" data-id=\"9142cb1\" data-element_type=\"container\" data-e-type=\"container\">\n\t\t\t\t\t<div class=\"e-con-inner\">\n\t\t<div class=\"elementor-element elementor-element-be3db1a e-grid e-con-full e-con e-child\" data-id=\"be3db1a\" data-element_type=\"container\" data-e-type=\"container\">\n\t\t<div class=\"elementor-element elementor-element-13d2327 e-con-full e-flex e-con e-child\" data-id=\"13d2327\" data-element_type=\"container\" data-e-type=\"container\">\n\t\t\t\t<div class=\"elementor-element elementor-element-6162119 elementor-widget elementor-widget-image\" data-id=\"6162119\" data-element_type=\"widget\" data-e-type=\"widget\" data-widget_type=\"image.default\">\n\t\t\t\t\t\t\t\t\t\t\t\t\t\t\t<img decoding=\"async\" width=\"72\" height=\"72\" src=\"https:\/\/clofovoz.com\/wp-content\/uploads\/2024\/05\/neve-marketing-icon-1.png\" class=\"attachment-large size-large wp-image-490\" alt=\"\" \/>\t\t\t\t\t\t\t\t\t\t\t\t\t\t\t<\/div>\n\t\t\t\t<div class=\"elementor-element elementor-element-c80ceb7 elementor-widget elementor-widget-heading\" data-id=\"c80ceb7\" data-element_type=\"widget\" data-e-type=\"widget\" data-widget_type=\"heading.default\">\n\t\t\t\t\t<h3 class=\"elementor-heading-title elementor-size-default\">Crecimiento orientado a resultados<\/h3>\t\t\t\t<\/div>\n\t\t\t\t<div class=\"elementor-element elementor-element-bdd45c2 elementor-widget elementor-widget-text-editor\" data-id=\"bdd45c2\" data-element_type=\"widget\" data-e-type=\"widget\" data-widget_type=\"text-editor.default\">\n\t\t\t\t\t\t\t\t\t<p>Nos centramos en ofrecer resultados mensurables, ayudando a las empresas de entretenimiento a lograr un crecimiento sostenible y escalable.<\/p>\t\t\t\t\t\t\t\t<\/div>\n\t\t\t\t<\/div>\n\t\t<div class=\"elementor-element elementor-element-55bca24 e-con-full e-flex e-con e-child\" data-id=\"55bca24\" data-element_type=\"container\" data-e-type=\"container\">\n\t\t\t\t<div class=\"elementor-element elementor-element-350311b elementor-widget elementor-widget-image\" data-id=\"350311b\" data-element_type=\"widget\" data-e-type=\"widget\" data-widget_type=\"image.default\">\n\t\t\t\t\t\t\t\t\t\t\t\t\t\t\t<img loading=\"lazy\" decoding=\"async\" width=\"72\" height=\"72\" src=\"https:\/\/clofovoz.com\/wp-content\/uploads\/2024\/05\/neve-marketing-icon-4.1.png\" class=\"attachment-large size-large wp-image-495\" alt=\"\" \/>\t\t\t\t\t\t\t\t\t\t\t\t\t\t\t<\/div>\n\t\t\t\t<div class=\"elementor-element elementor-element-aa497f9 elementor-widget elementor-widget-heading\" data-id=\"aa497f9\" data-element_type=\"widget\" data-e-type=\"widget\" data-widget_type=\"heading.default\">\n\t\t\t\t\t<h3 class=\"elementor-heading-title elementor-size-default\">Colaboraci\u00f3n con el cliente<\/h3>\t\t\t\t<\/div>\n\t\t\t\t<div class=\"elementor-element elementor-element-46d941b elementor-widget elementor-widget-text-editor\" data-id=\"46d941b\" data-element_type=\"widget\" data-e-type=\"widget\" data-widget_type=\"text-editor.default\">\n\t\t\t\t\t\t\t\t\t<p>Trabajamos de la mano con nuestros clientes, fomentando una comunicaci\u00f3n transparente y asociaciones significativas.<\/p>\t\t\t\t\t\t\t\t<\/div>\n\t\t\t\t<\/div>\n\t\t<div class=\"elementor-element elementor-element-3452e3b e-con-full e-flex e-con e-child\" data-id=\"3452e3b\" data-element_type=\"container\" data-e-type=\"container\">\n\t\t\t\t<div class=\"elementor-element elementor-element-4d5e9e7 elementor-widget elementor-widget-image\" data-id=\"4d5e9e7\" data-element_type=\"widget\" data-e-type=\"widget\" data-widget_type=\"image.default\">\n\t\t\t\t\t\t\t\t\t\t\t\t\t\t\t<img loading=\"lazy\" decoding=\"async\" width=\"72\" height=\"72\" src=\"https:\/\/clofovoz.com\/wp-content\/uploads\/2024\/05\/neve-marketing-icon-3.1.png\" class=\"attachment-large size-large wp-image-920\" alt=\"\" \/>\t\t\t\t\t\t\t\t\t\t\t\t\t\t\t<\/div>\n\t\t\t\t<div class=\"elementor-element elementor-element-25d66ab elementor-widget elementor-widget-heading\" data-id=\"25d66ab\" data-element_type=\"widget\" data-e-type=\"widget\" data-widget_type=\"heading.default\">\n\t\t\t\t\t<h3 class=\"elementor-heading-title elementor-size-default\">Creatividad basada en datos<\/h3>\t\t\t\t<\/div>\n\t\t\t\t<div class=\"elementor-element elementor-element-8c7841c elementor-widget elementor-widget-text-editor\" data-id=\"8c7841c\" data-element_type=\"widget\" data-e-type=\"widget\" data-widget_type=\"text-editor.default\">\n\t\t\t\t\t\t\t\t\t<p>Combinando creatividad con insights, dise\u00f1amos estrategias que son a la vez innovadoras y efectivas.<\/p>\t\t\t\t\t\t\t\t<\/div>\n\t\t\t\t<\/div>\n\t\t\t\t<\/div>\n\t\t\t\t\t<\/div>\n\t\t\t\t<\/div>\n\t\t\t\t<\/div>","protected":false},"excerpt":{"rendered":"<p>Acerca De https:\/\/www.youtube.com\/watch?v=YzNLVkv23Qw \u201cCLOFOVOZ es la plataforma especializada en voz, audici\u00f3n, habla y comunicaci\u00f3n humana. Encuentra gu\u00edas cl\u00ednicas, consejos de higiene vocal, t\u00e9cnicas profesionales, innovaci\u00f3n en comunicaci\u00f3n y recursos para artistas, educadores y profesionales de la salud. Contenido claro, pr\u00e1ctico y basado en evidencia para mejorar tu voz y tu rendimiento comunicativo.\u201d \u00bfPor qu\u00e9 elegirnos?&hellip;&nbsp;<\/p>\n<div class=\"read-more-wrapper\"><a href=\"https:\/\/clofovoz.com\/en\/acerca-de\/\" class=\"button button-primary\" rel=\"bookmark\">Read More<span class=\"screen-reader-text\">Acerca De<\/span><\/a><\/div>","protected":false},"author":1,"featured_media":37,"parent":0,"menu_order":0,"comment_status":"closed","ping_status":"closed","template":"page-templates\/template-pagebuilder-full-width.php","meta":{"neve_meta_sidebar":"default","neve_meta_container":"default","neve_meta_enable_content_width":"on","neve_meta_content_width":100,"neve_meta_title_alignment":"","neve_meta_author_avatar":"","neve_post_elements_order":"","neve_meta_disable_header":"","neve_meta_disable_footer":"","neve_meta_disable_title":"on","neve_meta_reading_time":"","footnotes":""},"class_list":["post-61","page","type-page","status-publish","has-post-thumbnail","hentry"],"_links":{"self":[{"href":"https:\/\/clofovoz.com\/en\/wp-json\/wp\/v2\/pages\/61","targetHints":{"allow":["GET"]}}],"collection":[{"href":"https:\/\/clofovoz.com\/en\/wp-json\/wp\/v2\/pages"}],"about":[{"href":"https:\/\/clofovoz.com\/en\/wp-json\/wp\/v2\/types\/page"}],"author":[{"embeddable":true,"href":"https:\/\/clofovoz.com\/en\/wp-json\/wp\/v2\/users\/1"}],"replies":[{"embeddable":true,"href":"https:\/\/clofovoz.com\/en\/wp-json\/wp\/v2\/comments?post=61"}],"version-history":[{"count":63,"href":"https:\/\/clofovoz.com\/en\/wp-json\/wp\/v2\/pages\/61\/revisions"}],"predecessor-version":[{"id":3412,"href":"https:\/\/clofovoz.com\/en\/wp-json\/wp\/v2\/pages\/61\/revisions\/3412"}],"wp:featuredmedia":[{"embeddable":true,"href":"https:\/\/clofovoz.com\/en\/wp-json\/wp\/v2\/media\/37"}],"wp:attachment":[{"href":"https:\/\/clofovoz.com\/en\/wp-json\/wp\/v2\/media?parent=61"}],"curies":[{"name":"wp","href":"https:\/\/api.w.org\/{rel}","templated":true}]}}