{"id":3464,"date":"2026-01-03T01:20:48","date_gmt":"2026-01-02T21:20:48","guid":{"rendered":"https:\/\/clofovoz.com\/?post_type=product&#038;p=3464"},"modified":"2026-01-10T17:08:06","modified_gmt":"2026-01-10T13:08:06","slug":"voz-saludable-rendimiento-maximo-secretos-profesionales-para-actores-musicos-y-locutores","status":"publish","type":"product","link":"https:\/\/clofovoz.com\/en\/tienda\/afinacion-vocal\/voz-saludable-rendimiento-maximo-secretos-profesionales-para-actores-musicos-y-locutores\/","title":{"rendered":"\u201cVoz Saludable, Rendimiento M\u00e1ximo: Secretos Profesionales para Actores, M\u00fasicos y Locutores\u201d"},"content":{"rendered":"<p>\u00abVoz Saludable, Rendimiento M\u00e1ximo\u00bb es la gu\u00eda definitiva para actores, m\u00fasicos y locutores que buscan potenciar su desempe\u00f1o sin comprometer la salud vocal. Integrando ciencia foni\u00e1trica, t\u00e9cnica profesional y estrategias cl\u00ednicas, este libro ofrece un enfoque universitario y cl\u00ednico, aplicable tanto en la formaci\u00f3n acad\u00e9mica como en la pr\u00e1ctica terap\u00e9utica. Aprende a optimizar la respiraci\u00f3n, proyecci\u00f3n, articulaci\u00f3n y resistencia vocal, mientras previenes lesiones y aseguras una carrera duradera y exitosa.<\/p>\n<p>Con el m\u00e9todo CLOFOVOZ (Control \u2013 Libertad \u2013 Optimizaci\u00f3n Funcional de la Voz), los lectores obtendr\u00e1n herramientas pr\u00e1cticas, ejercicios progresivos y casos cl\u00ednicos que facilitan la transferencia inmediata a escenarios profesionales y entornos de rehabilitaci\u00f3n vocal.<\/p>","protected":false},"excerpt":{"rendered":"<p>\u00abVoz Saludable, Rendimiento M\u00e1ximo\u00bb es la gu\u00eda definitiva para actores, m\u00fasicos y locutores que buscan potenciar su desempe\u00f1o sin comprometer la salud vocal. Integrando ciencia foni\u00e1trica, t\u00e9cnica profesional y estrategias cl\u00ednicas, este libro ofrece un enfoque universitario y cl\u00ednico, aplicable tanto en la formaci\u00f3n acad\u00e9mica como en la pr\u00e1ctica terap\u00e9utica. Aprende a optimizar la respiraci\u00f3n,&hellip;&nbsp;<\/p>\n<div class=\"read-more-wrapper\"><a href=\"https:\/\/clofovoz.com\/en\/tienda\/afinacion-vocal\/voz-saludable-rendimiento-maximo-secretos-profesionales-para-actores-musicos-y-locutores\/\" class=\"button button-primary\" rel=\"bookmark\">Read More<span class=\"screen-reader-text\">\u201cVoz Saludable, Rendimiento M\u00e1ximo: Secretos Profesionales para Actores, M\u00fasicos y Locutores\u201d<\/span><\/a><\/div>","protected":false},"featured_media":3465,"comment_status":"open","ping_status":"closed","template":"","meta":{"neve_meta_sidebar":"","neve_meta_container":"","neve_meta_enable_content_width":"off","neve_meta_content_width":100,"neve_meta_title_alignment":"","neve_meta_author_avatar":"","neve_post_elements_order":"","neve_meta_disable_header":"","neve_meta_disable_footer":"","neve_meta_disable_title":"","neve_meta_reading_time":""},"product_brand":[],"product_cat":[218,216,220,215,219,19,214],"product_tag":[224,223,221],"class_list":{"0":"post-3464","1":"product","2":"type-product","3":"status-publish","4":"has-post-thumbnail","6":"product_cat-afinacion-vocal","7":"product_cat-canto-sin-esfuerzo","8":"product_cat-educacion-vocal","9":"product_cat-entrenamiento-de-la-voz","10":"product_cat-salud-vocal","11":"product_cat-sin-categorizar","12":"product_cat-tecnica-vocal-funcional","13":"product_tag-entrenamientovocal","14":"product_tag-saludvocal","15":"product_tag-vozfuncional","17":"first","18":"instock","19":"downloadable","20":"shipping-taxable","21":"purchasable","22":"product-type-simple"},"_links":{"self":[{"href":"https:\/\/clofovoz.com\/en\/wp-json\/wp\/v2\/product\/3464","targetHints":{"allow":["GET"]}}],"collection":[{"href":"https:\/\/clofovoz.com\/en\/wp-json\/wp\/v2\/product"}],"about":[{"href":"https:\/\/clofovoz.com\/en\/wp-json\/wp\/v2\/types\/product"}],"replies":[{"embeddable":true,"href":"https:\/\/clofovoz.com\/en\/wp-json\/wp\/v2\/comments?post=3464"}],"wp:featuredmedia":[{"embeddable":true,"href":"https:\/\/clofovoz.com\/en\/wp-json\/wp\/v2\/media\/3465"}],"wp:attachment":[{"href":"https:\/\/clofovoz.com\/en\/wp-json\/wp\/v2\/media?parent=3464"}],"wp:term":[{"taxonomy":"product_brand","embeddable":true,"href":"https:\/\/clofovoz.com\/en\/wp-json\/wp\/v2\/product_brand?post=3464"},{"taxonomy":"product_cat","embeddable":true,"href":"https:\/\/clofovoz.com\/en\/wp-json\/wp\/v2\/product_cat?post=3464"},{"taxonomy":"product_tag","embeddable":true,"href":"https:\/\/clofovoz.com\/en\/wp-json\/wp\/v2\/product_tag?post=3464"}],"curies":[{"name":"wp","href":"https:\/\/api.w.org\/{rel}","templated":true}]}}