{"id":3466,"date":"2026-01-03T01:26:01","date_gmt":"2026-01-02T21:26:01","guid":{"rendered":"https:\/\/clofovoz.com\/?post_type=product&#038;p=3466"},"modified":"2026-01-10T17:06:50","modified_gmt":"2026-01-10T13:06:50","slug":"tu-voz-tu-poder-guias-y-recursos-profesionales-para-brillar-en-el-escenario-y-estudio","status":"publish","type":"product","link":"https:\/\/clofovoz.com\/en\/tienda\/canto-sin-esfuerzo\/tu-voz-tu-poder-guias-y-recursos-profesionales-para-brillar-en-el-escenario-y-estudio\/","title":{"rendered":"\u201cTu Voz, Tu Poder: Gu\u00edas y Recursos Profesionales para Brillar en el Escenario y Estudio\u201d"},"content":{"rendered":"<p><span class=\"a-text-bold\"><span dir=\"auto\">Tu Voz, Tu Poder\u00a0<\/span><\/span><span dir=\"auto\">es una gu\u00eda profesional dise\u00f1ada para quienes utilizan la voz como herramienta principal: artistas, docentes, locutores, conferencistas y profesionales de la comunicaci\u00f3n.<\/span><\/p>\n<p><span dir=\"auto\">Este libro electr\u00f3nico combina fundamentos de la voz funcional, expresi\u00f3n vocal, t\u00e9cnica esc\u00e9nica y uso consciente de la comunicaci\u00f3n oral, ofreciendo ejercicios pr\u00e1cticos, explicaciones claras y recursos actuales, incluyendo tecnolog\u00eda de entrenamiento y guiado.<\/span><\/p>\n<p><span dir=\"auto\">Aprender\u00e1s a proyectar tu voz sin esfuerzo, comunicar con intenci\u00f3n, cuidar tu instrumento vocal y destacar tanto en el escenario como en el estudio.<\/span><\/p>\n<p><span dir=\"auto\">Ideal para principiantes y profesionales que desean elevar su presencia vocal con un enfoque moderno, pr\u00e1ctico y sostenible.<\/span><\/p>","protected":false},"excerpt":{"rendered":"<p>Tu Voz, Tu Poder\u00a0es una gu\u00eda profesional dise\u00f1ada para quienes utilizan la voz como herramienta principal: artistas, docentes, locutores, conferencistas y profesionales de la comunicaci\u00f3n. Este libro electr\u00f3nico combina fundamentos de la voz funcional, expresi\u00f3n vocal, t\u00e9cnica esc\u00e9nica y uso consciente de la comunicaci\u00f3n oral, ofreciendo ejercicios pr\u00e1cticos, explicaciones claras y recursos actuales, incluyendo tecnolog\u00eda&hellip;&nbsp;<\/p>\n<div class=\"read-more-wrapper\"><a href=\"https:\/\/clofovoz.com\/en\/tienda\/canto-sin-esfuerzo\/tu-voz-tu-poder-guias-y-recursos-profesionales-para-brillar-en-el-escenario-y-estudio\/\" class=\"button button-primary\" rel=\"bookmark\">Read More<span class=\"screen-reader-text\">\u201cTu Voz, Tu Poder: Gu\u00edas y Recursos Profesionales para Brillar en el Escenario y Estudio\u201d<\/span><\/a><\/div>","protected":false},"featured_media":3467,"comment_status":"open","ping_status":"closed","template":"","meta":{"neve_meta_sidebar":"","neve_meta_container":"","neve_meta_enable_content_width":"off","neve_meta_content_width":100,"neve_meta_title_alignment":"","neve_meta_author_avatar":"","neve_post_elements_order":"","neve_meta_disable_header":"","neve_meta_disable_footer":"","neve_meta_disable_title":"","neve_meta_reading_time":""},"product_brand":[229],"product_cat":[216,218,220,215,217,219],"product_tag":[224,223,221],"class_list":{"0":"post-3466","1":"product","2":"type-product","3":"status-publish","4":"has-post-thumbnail","6":"product_brand-https-clofovoz-com","7":"product_cat-canto-sin-esfuerzo","8":"product_cat-afinacion-vocal","9":"product_cat-educacion-vocal","10":"product_cat-entrenamiento-de-la-voz","11":"product_cat-resonancia-vocal","12":"product_cat-salud-vocal","13":"product_tag-entrenamientovocal","14":"product_tag-saludvocal","15":"product_tag-vozfuncional","17":"first","18":"instock","19":"downloadable","20":"shipping-taxable","21":"purchasable","22":"product-type-simple"},"_links":{"self":[{"href":"https:\/\/clofovoz.com\/en\/wp-json\/wp\/v2\/product\/3466","targetHints":{"allow":["GET"]}}],"collection":[{"href":"https:\/\/clofovoz.com\/en\/wp-json\/wp\/v2\/product"}],"about":[{"href":"https:\/\/clofovoz.com\/en\/wp-json\/wp\/v2\/types\/product"}],"replies":[{"embeddable":true,"href":"https:\/\/clofovoz.com\/en\/wp-json\/wp\/v2\/comments?post=3466"}],"wp:featuredmedia":[{"embeddable":true,"href":"https:\/\/clofovoz.com\/en\/wp-json\/wp\/v2\/media\/3467"}],"wp:attachment":[{"href":"https:\/\/clofovoz.com\/en\/wp-json\/wp\/v2\/media?parent=3466"}],"wp:term":[{"taxonomy":"product_brand","embeddable":true,"href":"https:\/\/clofovoz.com\/en\/wp-json\/wp\/v2\/product_brand?post=3466"},{"taxonomy":"product_cat","embeddable":true,"href":"https:\/\/clofovoz.com\/en\/wp-json\/wp\/v2\/product_cat?post=3466"},{"taxonomy":"product_tag","embeddable":true,"href":"https:\/\/clofovoz.com\/en\/wp-json\/wp\/v2\/product_tag?post=3466"}],"curies":[{"name":"wp","href":"https:\/\/api.w.org\/{rel}","templated":true}]}}