{"id":3637,"date":"2026-03-22T21:06:00","date_gmt":"2026-03-22T17:06:00","guid":{"rendered":"https:\/\/clofovoz.com\/?post_type=product&#038;p=3637"},"modified":"2026-03-22T21:06:01","modified_gmt":"2026-03-22T17:06:01","slug":"clofovoz-the-science-of-vocal-efficiency-a-clinical-guide-to-functional-voice-disorders-voice-therapy-and-vocal-rehabilitation-spanish-edition","status":"publish","type":"product","link":"https:\/\/clofovoz.com\/en\/tienda\/otolaryngology\/clofovoz-the-science-of-vocal-efficiency-a-clinical-guide-to-functional-voice-disorders-voice-therapy-and-vocal-rehabilitation-spanish-edition\/","title":{"rendered":"CLOFOVOZ\u2122: The Science of Vocal Efficiency: A Clinical Guide to Functional Voice Disorders, Voice Therapy and Vocal Rehabilitation (Spanish Edition)"},"content":{"rendered":"<p data-start=\"187\" data-end=\"363\"><strong data-start=\"187\" data-end=\"233\">CLOFOVOZ\u2122: The Science of Vocal Efficiency<\/strong> presenta un enfoque innovador y cl\u00ednicamente aplicable para el diagn\u00f3stico y tratamiento de los trastornos funcionales de la voz.<\/p>\n<p data-start=\"365\" data-end=\"764\">Este libro introduce el <strong data-start=\"389\" data-end=\"439\">Modelo Tetra\u00e9drico de Integraci\u00f3n Vocal (TVIM)<\/strong>, un marco conceptual que redefine la voz como un sistema din\u00e1mico compuesto por cuatro dominios interdependientes: respiraci\u00f3n, fonaci\u00f3n, resonancia y audici\u00f3n. A diferencia de los modelos tradicionales, que analizan estos componentes de forma aislada, este enfoque integra su interacci\u00f3n para optimizar la eficiencia vocal.<\/p>\n<p data-start=\"766\" data-end=\"1165\">A lo largo de la obra, se desarrollan los fundamentos fisiol\u00f3gicos, neuromotores y ac\u00fasticos de la producci\u00f3n vocal, junto con una clasificaci\u00f3n cl\u00ednica detallada de las disfon\u00edas funcionales y un modelo de evaluaci\u00f3n multidimensional. Se introduce adem\u00e1s el <strong data-start=\"1025\" data-end=\"1065\">Voice System Efficiency Index (VSEI)<\/strong>, una herramienta cuantitativa que permite medir de forma objetiva el rendimiento del sistema vocal.<\/p>\n<p data-start=\"1167\" data-end=\"1542\">El libro presenta protocolos terap\u00e9uticos estructurados basados en el modelo TVIM, incluyendo estrategias de reentrenamiento respiratorio, optimizaci\u00f3n fonatoria, ajuste resonancial y control auditivo. Como innovaci\u00f3n adicional, se incorpora la <strong data-start=\"1412\" data-end=\"1435\">terapia ultras\u00f3nica<\/strong> como complemento en la rehabilitaci\u00f3n vocal, orientada a mejorar las propiedades biomec\u00e1nicas del sistema.<\/p>\n<p data-start=\"1544\" data-end=\"1751\">Dirigido a otorrinolaring\u00f3logos, foniatras, terapeutas de la voz, investigadores y profesionales de la comunicaci\u00f3n, este libro ofrece una propuesta integradora que conecta la teor\u00eda con la pr\u00e1ctica cl\u00ednica.<\/p>\n<p data-start=\"1753\" data-end=\"1869\"><strong data-start=\"1753\" data-end=\"1869\">CLOFOVOZ\u2122 no es solo un libro, sino un sistema cl\u00ednico que redefine la forma de entender y tratar la voz humana.<\/strong><\/p>","protected":false},"excerpt":{"rendered":"<p>CLOFOVOZ\u2122: The Science of Vocal Efficiency presenta un enfoque innovador y cl\u00ednicamente aplicable para el diagn\u00f3stico y tratamiento de los trastornos funcionales de la voz. Este libro introduce el Modelo Tetra\u00e9drico de Integraci\u00f3n Vocal (TVIM), un marco conceptual que redefine la voz como un sistema din\u00e1mico compuesto por cuatro dominios interdependientes: respiraci\u00f3n, fonaci\u00f3n, resonancia y&hellip;&nbsp;<\/p>\n<div class=\"read-more-wrapper\"><a href=\"https:\/\/clofovoz.com\/en\/tienda\/otolaryngology\/clofovoz-the-science-of-vocal-efficiency-a-clinical-guide-to-functional-voice-disorders-voice-therapy-and-vocal-rehabilitation-spanish-edition\/\" class=\"button button-primary\" rel=\"bookmark\">Read More<span class=\"screen-reader-text\">CLOFOVOZ\u2122: The Science of Vocal Efficiency: A Clinical Guide to Functional Voice Disorders, Voice Therapy and Vocal Rehabilitation (Spanish Edition)<\/span><\/a><\/div>","protected":false},"featured_media":3636,"comment_status":"open","ping_status":"closed","template":"","meta":{"neve_meta_sidebar":"","neve_meta_container":"","neve_meta_enable_content_width":"off","neve_meta_content_width":100,"neve_meta_title_alignment":"","neve_meta_author_avatar":"","neve_post_elements_order":"","neve_meta_disable_header":"","neve_meta_disable_footer":"","neve_meta_disable_title":"","neve_meta_reading_time":""},"product_brand":[229],"product_cat":[234,235,236],"product_tag":[238,240,239,241,237],"class_list":{"0":"post-3637","1":"product","2":"type-product","3":"status-publish","4":"has-post-thumbnail","6":"product_brand-https-clofovoz-com","7":"product_cat-otolaryngology","8":"product_cat-speech-pathology","9":"product_cat-voice-public-speaking","10":"product_tag-dysphonia-therapy","11":"product_tag-speech-therapy-voice","12":"product_tag-vocal-rehabilitation","13":"product_tag-vocal-training-science","14":"product_tag-voice-disorders-treatment","16":"first","17":"instock","18":"downloadable","19":"shipping-taxable","20":"purchasable","21":"product-type-simple"},"_links":{"self":[{"href":"https:\/\/clofovoz.com\/en\/wp-json\/wp\/v2\/product\/3637","targetHints":{"allow":["GET"]}}],"collection":[{"href":"https:\/\/clofovoz.com\/en\/wp-json\/wp\/v2\/product"}],"about":[{"href":"https:\/\/clofovoz.com\/en\/wp-json\/wp\/v2\/types\/product"}],"replies":[{"embeddable":true,"href":"https:\/\/clofovoz.com\/en\/wp-json\/wp\/v2\/comments?post=3637"}],"wp:featuredmedia":[{"embeddable":true,"href":"https:\/\/clofovoz.com\/en\/wp-json\/wp\/v2\/media\/3636"}],"wp:attachment":[{"href":"https:\/\/clofovoz.com\/en\/wp-json\/wp\/v2\/media?parent=3637"}],"wp:term":[{"taxonomy":"product_brand","embeddable":true,"href":"https:\/\/clofovoz.com\/en\/wp-json\/wp\/v2\/product_brand?post=3637"},{"taxonomy":"product_cat","embeddable":true,"href":"https:\/\/clofovoz.com\/en\/wp-json\/wp\/v2\/product_cat?post=3637"},{"taxonomy":"product_tag","embeddable":true,"href":"https:\/\/clofovoz.com\/en\/wp-json\/wp\/v2\/product_tag?post=3637"}],"curies":[{"name":"wp","href":"https:\/\/api.w.org\/{rel}","templated":true}]}}