{"id":3663,"date":"2026-04-13T15:20:48","date_gmt":"2026-04-13T11:20:48","guid":{"rendered":"https:\/\/clofovoz.com\/?post_type=product&#038;p=3663"},"modified":"2026-04-13T15:20:48","modified_gmt":"2026-04-13T11:20:48","slug":"la-revolucion-de-la-voz-venciendo-el-espasmo-laringeo-el-metodo-de-rehabilitacion-vocal-neurocognitiva","status":"publish","type":"product","link":"https:\/\/clofovoz.com\/en\/tienda\/disfonia-espasmodica-ejercicios\/la-revolucion-de-la-voz-venciendo-el-espasmo-laringeo-el-metodo-de-rehabilitacion-vocal-neurocognitiva\/","title":{"rendered":"\u00abLa Revoluci\u00f3n de la Voz\u00bb Venciendo el Espasmo Lar\u00edngeo: El M\u00e9todo de Rehabilitaci\u00f3n Vocal Neurocognitiva"},"content":{"rendered":"<p>T\u00edtulo: La Revoluci\u00f3n de la Voz: Vence la Disfon\u00eda Espasm\u00f3dica con el M\u00e9todo de Rehabilitaci\u00f3n Vocal Neurocognitiva<br \/>\nSubt\u00edtulo: Una gu\u00eda cient\u00edfica y no invasiva para reprogramar tu cerebro, eliminar los espasmos y recuperar tu identidad vocal.<\/p>\n<p>\u00bfSientes que tu voz est\u00e1 atrapada o que cada palabra es una batalla contra tu propio cuerpo?<br \/>\nPara quienes viven con Disfon\u00eda Espasm\u00f3dica, la comunicaci\u00f3n deja de ser un derecho para convertirse en un esfuerzo agotador. Los quiebres vocales, la tensi\u00f3n constante y el miedo a no ser entendido terminan por silenciar no solo la voz, sino la identidad de la persona.<\/p>","protected":false},"excerpt":{"rendered":"<p>T\u00edtulo: La Revoluci\u00f3n de la Voz: Vence la Disfon\u00eda Espasm\u00f3dica con el M\u00e9todo de Rehabilitaci\u00f3n Vocal Neurocognitiva Subt\u00edtulo: Una gu\u00eda cient\u00edfica y no invasiva para reprogramar tu cerebro, eliminar los espasmos y recuperar tu identidad vocal. \u00bfSientes que tu voz est\u00e1 atrapada o que cada palabra es una batalla contra tu propio cuerpo? Para quienes&hellip;&nbsp;<\/p>\n<div class=\"read-more-wrapper\"><a href=\"https:\/\/clofovoz.com\/en\/tienda\/disfonia-espasmodica-ejercicios\/la-revolucion-de-la-voz-venciendo-el-espasmo-laringeo-el-metodo-de-rehabilitacion-vocal-neurocognitiva\/\" class=\"button button-primary\" rel=\"bookmark\">Read More<span class=\"screen-reader-text\">\u00abLa Revoluci\u00f3n de la Voz\u00bb Venciendo el Espasmo Lar\u00edngeo: El M\u00e9todo de Rehabilitaci\u00f3n Vocal Neurocognitiva<\/span><\/a><\/div>","protected":false},"featured_media":3665,"comment_status":"open","ping_status":"closed","template":"","meta":{"neve_meta_sidebar":"","neve_meta_container":"","neve_meta_enable_content_width":"off","neve_meta_content_width":100,"neve_meta_title_alignment":"","neve_meta_author_avatar":"","neve_post_elements_order":"","neve_meta_disable_header":"","neve_meta_disable_footer":"","neve_meta_disable_title":"","neve_meta_reading_time":""},"product_brand":[],"product_cat":[260,262,261],"product_tag":[263,265,264],"class_list":{"0":"post-3663","1":"product","2":"type-product","3":"status-publish","4":"has-post-thumbnail","6":"product_cat-disfonia-espasmodica-ejercicios","7":"product_cat-rehabilitacion-vocal-neurocognitiva","8":"product_cat-tratamiento-disfonia-laringea","9":"product_tag-ejercicios-para-cuerdas-vocales","10":"product_tag-logopedia-y-foniatria-avanzada","11":"product_tag-neuroplasticidad-aplicada-a-la-voz","13":"first","14":"instock","15":"downloadable","16":"shipping-taxable","17":"purchasable","18":"product-type-simple"},"_links":{"self":[{"href":"https:\/\/clofovoz.com\/en\/wp-json\/wp\/v2\/product\/3663","targetHints":{"allow":["GET"]}}],"collection":[{"href":"https:\/\/clofovoz.com\/en\/wp-json\/wp\/v2\/product"}],"about":[{"href":"https:\/\/clofovoz.com\/en\/wp-json\/wp\/v2\/types\/product"}],"replies":[{"embeddable":true,"href":"https:\/\/clofovoz.com\/en\/wp-json\/wp\/v2\/comments?post=3663"}],"wp:featuredmedia":[{"embeddable":true,"href":"https:\/\/clofovoz.com\/en\/wp-json\/wp\/v2\/media\/3665"}],"wp:attachment":[{"href":"https:\/\/clofovoz.com\/en\/wp-json\/wp\/v2\/media?parent=3663"}],"wp:term":[{"taxonomy":"product_brand","embeddable":true,"href":"https:\/\/clofovoz.com\/en\/wp-json\/wp\/v2\/product_brand?post=3663"},{"taxonomy":"product_cat","embeddable":true,"href":"https:\/\/clofovoz.com\/en\/wp-json\/wp\/v2\/product_cat?post=3663"},{"taxonomy":"product_tag","embeddable":true,"href":"https:\/\/clofovoz.com\/en\/wp-json\/wp\/v2\/product_tag?post=3663"}],"curies":[{"name":"wp","href":"https:\/\/api.w.org\/{rel}","templated":true}]}}